{"id":547,"date":"2017-08-11T15:43:02","date_gmt":"2017-08-11T13:43:02","guid":{"rendered":"http:\/\/2017.sorentberg-riesling.de\/?page_id=547"},"modified":"2018-05-04T10:52:58","modified_gmt":"2018-05-04T08:52:58","slug":"menschen","status":"publish","type":"page","link":"https:\/\/sorentberg-riesling.de?page_id=547","title":{"rendered":"Menschen"},"content":{"rendered":"<div id='full_slider_1'  class='avia-fullwidth-slider main_color avia-shadow   avia-builder-el-0  el_before_av_section  avia-builder-el-first   container_wrap sidebar_right'  >\n<style type=\"text\/css\" data-created_by=\"avia_inline_auto\" id=\"style-css-av-av_slideshow_full-4f3ef5c0d0c5e5a45e27d5f99336c2be\">\n#top #wrap_all .avia-slideshow .av-slideshow-caption.av-av_slideshow_full-4f3ef5c0d0c5e5a45e27d5f99336c2be__0 .avia-caption-title{\nfont-size:54px;\n}\n#top .avia-slideshow .av-slideshow-caption.av-av_slideshow_full-4f3ef5c0d0c5e5a45e27d5f99336c2be__0 .avia-caption-content{\nfont-size:30px;\n}\n#top .avia-slideshow .av-slideshow-caption.av-av_slideshow_full-4f3ef5c0d0c5e5a45e27d5f99336c2be__0 .avia-caption-content p{\nfont-size:30px;\n}\n<\/style>\n<div  class='avia-slideshow av-av_slideshow_full-4f3ef5c0d0c5e5a45e27d5f99336c2be avia-slideshow-featured av_slideshow_full avia-slide-slider av-slideshow-ui av-control-default av-slideshow-manual av-loop-once av-loop-manual-endless av-default-height-applied   avia-slideshow-1' data-slideshow-options=\"{&quot;animation&quot;:&quot;slide&quot;,&quot;autoplay&quot;:false,&quot;loop_autoplay&quot;:&quot;once&quot;,&quot;interval&quot;:5,&quot;loop_manual&quot;:&quot;manual-endless&quot;,&quot;autoplay_stopper&quot;:false,&quot;noNavigation&quot;:false,&quot;bg_slider&quot;:false,&quot;keep_padding&quot;:false,&quot;hoverpause&quot;:false,&quot;show_slide_delay&quot;:0}\"  itemprop=\"image\" itemscope=\"itemscope\" itemtype=\"https:\/\/schema.org\/ImageObject\" >\n<ul class='avia-slideshow-inner ' style='padding-bottom: 28.666666666667%;'>\n<li  class='avia-slideshow-slide av-av_slideshow_full-4f3ef5c0d0c5e5a45e27d5f99336c2be__0  av-single-slide slide-1 slide-odd'>\n<div data-rel='slideshow-1' class='avia-slide-wrap '   >\n<div class='av-slideshow-caption av-av_slideshow_full-4f3ef5c0d0c5e5a45e27d5f99336c2be__0 caption_fullwidth caption_center'>\n<div class=\"container caption_container\">\n<div class=\"slideshow_caption\">\n<div class=\"slideshow_inner_caption\">\n<div class=\"slideshow_align_caption\">\n<h2 class='avia-caption-title '  itemprop=\"name\" >DIE MENSCHEN<\/h2>\n<\/div>\n<\/div>\n<\/div>\n<\/div>\n<\/div>\n<p><img decoding=\"async\" class=\"wp-image-552 avia-img-lazy-loading-not-552\"  src=\"https:\/\/sorentberg-riesling.de\/wp-content\/uploads\/2017\/08\/menschen-1500x430.jpg\" width=\"1500\" height=\"430\" title='menschen' alt=''  itemprop=\"thumbnailUrl\"   \/><\/div>\n<\/li>\n<\/ul>\n<\/div>\n<\/div>\n<div id='av_section_1'  class='avia-section av-av_section-bb9bdb22c7f9e6bf1d52c155825dc7f7 main_color avia-section-default avia-no-shadow  avia-builder-el-1  el_after_av_slideshow_full  avia-builder-el-last  avia-bg-style-scroll container_wrap sidebar_right'  >\n<div class='container av-section-cont-open' >\n<div class='template-page content  av-content-small alpha units'>\n<div class='post-entry post-entry-type-page post-entry-547'>\n<div class='entry-content-wrapper clearfix'>\n<section  class='av_textblock_section av-av_textblock-0366cc7376be6c9e82a3e9cc8987b64f'  itemscope=\"itemscope\" itemtype=\"https:\/\/schema.org\/CreativeWork\" >\n<div class='avia_textblock'  itemprop=\"text\" >\n<h1><img loading=\"lazy\" decoding=\"async\" class=\"alignleft wp-image-550\" style=\"margin-right: 25px;\" src=\"https:\/\/2017.sorentberg-riesling.de\/wp-content\/uploads\/2017\/08\/Jungwinzer.jpg\" alt=\"\" width=\"483\" height=\"322\" srcset=\"https:\/\/sorentberg-riesling.de\/wp-content\/uploads\/2017\/08\/Jungwinzer.jpg 800w, https:\/\/sorentberg-riesling.de\/wp-content\/uploads\/2017\/08\/Jungwinzer-300x200.jpg 300w, https:\/\/sorentberg-riesling.de\/wp-content\/uploads\/2017\/08\/Jungwinzer-768x512.jpg 768w, https:\/\/sorentberg-riesling.de\/wp-content\/uploads\/2017\/08\/Jungwinzer-705x470.jpg 705w, https:\/\/sorentberg-riesling.de\/wp-content\/uploads\/2017\/08\/Jungwinzer-450x300.jpg 450w\" sizes=\"auto, (max-width: 483px) 100vw, 483px\" \/><span style=\"color: #966115;\">MENSCHEN<\/span><\/h1>\n<p>Mit der Wiederanpflanzung der Traditionslage Reiler Sorentberg in einem Seitental an der Mittelmosel auf der H\u00f6he der Burg Arras, haben sich die beiden Jungwinzer Tobias Treis (Reil\/Mosel\/Deutschland) und Ivan Giovanett (Neumarkt\/S\u00fcdtirol\/Italien) im Jahr 2011 einen lang ersehnten Traum vom Anbau eines eigenen Spitzenrieslings erf\u00fcllt. Die seit Jahrzehnten vergessene Einzellage wurde von den beiden engagierten Jungwinzern zu neuem Leben erweckt.<\/p>\n<p>Tobias Treis und Ivan Giovanett kennen sich aus Geisenheimer Zeiten, wo sie gemeinsam die Studienjahre 2003\/2004 verbracht haben. Beide sind heute in den jeweiligen elterlichen Traditionsweing\u00fctern Julius Treis (Reil\/Mosel) und Castelfeder (S\u00fcdtirol) t\u00e4tig und teilen eine Leidenschaft: den Riesling. \u201eMit grenz\u00fcberschreitendem Knowhow haben wir es geschafft, neue Wege zu gehen und einen unverwechselbaren Spitzenriesling aus der Mosel-Region zu schaffen\u201c, sagt Treis.<\/p>\n<p>\u201eIn den Studienjahren in Geisenheim hat mich die Leidenschaft f\u00fcr Riesling gepackt und nicht mehr losgelassen\u201c, erz\u00e4hlt Giovanett. \u201eMir war klar, dass ich irgendwann mit Riesling arbeiten m\u00f6chte, aber den K\u00f6nig der Wei\u00dfweine auf h\u00f6chstem Niveau zu produzieren, war in meinen S\u00fcdtiroler Lagen aufgrund der w\u00e4rmeren klimatischen Bedingungen nicht m\u00f6glich.\u201c<\/p>\n<\/div>\n<\/section>\n<style type=\"text\/css\" data-created_by=\"avia_inline_auto\" id=\"style-css-av-av_hr-0688d0b0b6ed2f8b057db7a8270206df\">\n#top .hr.hr-invisible.av-av_hr-0688d0b0b6ed2f8b057db7a8270206df{\nheight:50px;\n}\n<\/style>\n<div  class='hr av-av_hr-0688d0b0b6ed2f8b057db7a8270206df hr-invisible  avia-builder-el-3  el_after_av_textblock  el_before_av_gallery '><span class='hr-inner '><span class=\"hr-inner-style\"><\/span><\/span><\/div>\n<style type=\"text\/css\" data-created_by=\"avia_inline_auto\" id=\"style-css-av-av_gallery-88f0bc4e977447282a0a8c67c20bbb13\">\n#top .avia-gallery.av-av_gallery-88f0bc4e977447282a0a8c67c20bbb13 .avia-gallery-thumb a{\nwidth:25%;\n}\n<\/style>\n<div  class='avia-gallery av-av_gallery-88f0bc4e977447282a0a8c67c20bbb13 avia_animate_when_visible  avia-builder-el-4  el_after_av_hr  el_before_av_hr  avia_lazyload avia-gallery-animate avia-gallery-1'  itemprop=\"image\" itemscope=\"itemscope\" itemtype=\"https:\/\/schema.org\/ImageObject\" ><meta itemprop=\"contentURL\" content=\"https:\/\/sorentberg-riesling.de?page_id=547\"><\/p>\n<div class='avia-gallery-thumb'><a href=\"https:\/\/sorentberg-riesling.de\/wp-content\/uploads\/2017\/08\/m7.jpg\" data-srcset=\"https:\/\/sorentberg-riesling.de\/wp-content\/uploads\/2017\/08\/m7.jpg 600w, https:\/\/sorentberg-riesling.de\/wp-content\/uploads\/2017\/08\/m7-80x80.jpg 80w, https:\/\/sorentberg-riesling.de\/wp-content\/uploads\/2017\/08\/m7-300x300.jpg 300w, https:\/\/sorentberg-riesling.de\/wp-content\/uploads\/2017\/08\/m7-36x36.jpg 36w, https:\/\/sorentberg-riesling.de\/wp-content\/uploads\/2017\/08\/m7-180x180.jpg 180w, https:\/\/sorentberg-riesling.de\/wp-content\/uploads\/2017\/08\/m7-120x120.jpg 120w, https:\/\/sorentberg-riesling.de\/wp-content\/uploads\/2017\/08\/m7-450x450.jpg 450w\" data-sizes=\"(max-width: 600px) 100vw, 600px\" data-rel='gallery-1' data-prev-img='https:\/\/sorentberg-riesling.de\/wp-content\/uploads\/2017\/08\/m7-495x400.jpg' class='first_thumb lightbox ' data-onclick='1' title=''  itemprop=\"thumbnailUrl\"  ><img decoding=\"async\" class=\"wp-image-565 avia-img-lazy-loading-not-565\"   src=\"https:\/\/sorentberg-riesling.de\/wp-content\/uploads\/2017\/08\/m7-495x400.jpg\" width=\"495\" height=\"400\"  title='' alt='' \/><\/p>\n<div class='big-prev-fake'><img loading=\"lazy\" decoding=\"async\" class=\"wp-image-565 avia-img-lazy-loading-565\"  width=\"495\" height=\"400\" src=\"https:\/\/sorentberg-riesling.de\/wp-content\/uploads\/2017\/08\/m7-495x400.jpg\" title='' alt='' \/><\/div>\n<p><\/a><a href=\"https:\/\/sorentberg-riesling.de\/wp-content\/uploads\/2017\/08\/m3.jpg\" data-srcset=\"https:\/\/sorentberg-riesling.de\/wp-content\/uploads\/2017\/08\/m3.jpg 600w, https:\/\/sorentberg-riesling.de\/wp-content\/uploads\/2017\/08\/m3-80x80.jpg 80w, https:\/\/sorentberg-riesling.de\/wp-content\/uploads\/2017\/08\/m3-300x300.jpg 300w, https:\/\/sorentberg-riesling.de\/wp-content\/uploads\/2017\/08\/m3-36x36.jpg 36w, https:\/\/sorentberg-riesling.de\/wp-content\/uploads\/2017\/08\/m3-180x180.jpg 180w, https:\/\/sorentberg-riesling.de\/wp-content\/uploads\/2017\/08\/m3-120x120.jpg 120w, https:\/\/sorentberg-riesling.de\/wp-content\/uploads\/2017\/08\/m3-450x450.jpg 450w\" data-sizes=\"(max-width: 600px) 100vw, 600px\" data-rel='gallery-1' data-prev-img='https:\/\/sorentberg-riesling.de\/wp-content\/uploads\/2017\/08\/m3-495x400.jpg' class='lightbox ' data-onclick='2' title=''  itemprop=\"thumbnailUrl\"  ><img decoding=\"async\" class=\"wp-image-562 avia-img-lazy-loading-not-562\"   src=\"https:\/\/sorentberg-riesling.de\/wp-content\/uploads\/2017\/08\/m3-495x400.jpg\" width=\"495\" height=\"400\"  title='' alt='' \/><\/p>\n<div class='big-prev-fake'><img loading=\"lazy\" decoding=\"async\" class=\"wp-image-562 avia-img-lazy-loading-562\"  width=\"495\" height=\"400\" src=\"https:\/\/sorentberg-riesling.de\/wp-content\/uploads\/2017\/08\/m3-495x400.jpg\" title='' alt='' \/><\/div>\n<p><\/a><a href=\"https:\/\/sorentberg-riesling.de\/wp-content\/uploads\/2017\/08\/m4.jpg\" data-srcset=\"https:\/\/sorentberg-riesling.de\/wp-content\/uploads\/2017\/08\/m4.jpg 600w, https:\/\/sorentberg-riesling.de\/wp-content\/uploads\/2017\/08\/m4-80x80.jpg 80w, https:\/\/sorentberg-riesling.de\/wp-content\/uploads\/2017\/08\/m4-300x300.jpg 300w, https:\/\/sorentberg-riesling.de\/wp-content\/uploads\/2017\/08\/m4-36x36.jpg 36w, https:\/\/sorentberg-riesling.de\/wp-content\/uploads\/2017\/08\/m4-180x180.jpg 180w, https:\/\/sorentberg-riesling.de\/wp-content\/uploads\/2017\/08\/m4-120x120.jpg 120w, https:\/\/sorentberg-riesling.de\/wp-content\/uploads\/2017\/08\/m4-450x450.jpg 450w\" data-sizes=\"(max-width: 600px) 100vw, 600px\" data-rel='gallery-1' data-prev-img='https:\/\/sorentberg-riesling.de\/wp-content\/uploads\/2017\/08\/m4-495x400.jpg' class='lightbox ' data-onclick='3' title=''  itemprop=\"thumbnailUrl\"  ><img decoding=\"async\" class=\"wp-image-564 avia-img-lazy-loading-not-564\"   src=\"https:\/\/sorentberg-riesling.de\/wp-content\/uploads\/2017\/08\/m4-495x400.jpg\" width=\"495\" height=\"400\"  title='' alt='' \/><\/p>\n<div class='big-prev-fake'><img loading=\"lazy\" decoding=\"async\" class=\"wp-image-564 avia-img-lazy-loading-564\"  width=\"495\" height=\"400\" src=\"https:\/\/sorentberg-riesling.de\/wp-content\/uploads\/2017\/08\/m4-495x400.jpg\" title='' alt='' \/><\/div>\n<p><\/a><a href=\"https:\/\/sorentberg-riesling.de\/wp-content\/uploads\/2017\/08\/m5.jpg\" data-srcset=\"https:\/\/sorentberg-riesling.de\/wp-content\/uploads\/2017\/08\/m5.jpg 600w, https:\/\/sorentberg-riesling.de\/wp-content\/uploads\/2017\/08\/m5-80x80.jpg 80w, https:\/\/sorentberg-riesling.de\/wp-content\/uploads\/2017\/08\/m5-300x300.jpg 300w, https:\/\/sorentberg-riesling.de\/wp-content\/uploads\/2017\/08\/m5-36x36.jpg 36w, https:\/\/sorentberg-riesling.de\/wp-content\/uploads\/2017\/08\/m5-180x180.jpg 180w, https:\/\/sorentberg-riesling.de\/wp-content\/uploads\/2017\/08\/m5-120x120.jpg 120w, https:\/\/sorentberg-riesling.de\/wp-content\/uploads\/2017\/08\/m5-450x450.jpg 450w\" data-sizes=\"(max-width: 600px) 100vw, 600px\" data-rel='gallery-1' data-prev-img='https:\/\/sorentberg-riesling.de\/wp-content\/uploads\/2017\/08\/m5-495x400.jpg' class='lightbox ' data-onclick='4' title=''  itemprop=\"thumbnailUrl\"  ><img decoding=\"async\" class=\"wp-image-563 avia-img-lazy-loading-not-563\"   src=\"https:\/\/sorentberg-riesling.de\/wp-content\/uploads\/2017\/08\/m5-495x400.jpg\" width=\"495\" height=\"400\"  title='' alt='' \/><\/p>\n<div class='big-prev-fake'><img loading=\"lazy\" decoding=\"async\" class=\"wp-image-563 avia-img-lazy-loading-563\"  width=\"495\" height=\"400\" src=\"https:\/\/sorentberg-riesling.de\/wp-content\/uploads\/2017\/08\/m5-495x400.jpg\" title='' alt='' \/><\/div>\n<p><\/a><a href=\"https:\/\/sorentberg-riesling.de\/wp-content\/uploads\/2017\/08\/m6.jpg\" data-srcset=\"https:\/\/sorentberg-riesling.de\/wp-content\/uploads\/2017\/08\/m6.jpg 600w, https:\/\/sorentberg-riesling.de\/wp-content\/uploads\/2017\/08\/m6-80x80.jpg 80w, https:\/\/sorentberg-riesling.de\/wp-content\/uploads\/2017\/08\/m6-300x300.jpg 300w, https:\/\/sorentberg-riesling.de\/wp-content\/uploads\/2017\/08\/m6-36x36.jpg 36w, https:\/\/sorentberg-riesling.de\/wp-content\/uploads\/2017\/08\/m6-180x180.jpg 180w, https:\/\/sorentberg-riesling.de\/wp-content\/uploads\/2017\/08\/m6-120x120.jpg 120w, https:\/\/sorentberg-riesling.de\/wp-content\/uploads\/2017\/08\/m6-450x450.jpg 450w\" data-sizes=\"(max-width: 600px) 100vw, 600px\" data-rel='gallery-1' data-prev-img='https:\/\/sorentberg-riesling.de\/wp-content\/uploads\/2017\/08\/m6-495x400.jpg' class='first_thumb lightbox ' data-onclick='5' title=''  itemprop=\"thumbnailUrl\"  ><img decoding=\"async\" class=\"wp-image-559 avia-img-lazy-loading-not-559\"   src=\"https:\/\/sorentberg-riesling.de\/wp-content\/uploads\/2017\/08\/m6-495x400.jpg\" width=\"495\" height=\"400\"  title='' alt='' \/><\/p>\n<div class='big-prev-fake'><img loading=\"lazy\" decoding=\"async\" class=\"wp-image-559 avia-img-lazy-loading-559\"  width=\"495\" height=\"400\" src=\"https:\/\/sorentberg-riesling.de\/wp-content\/uploads\/2017\/08\/m6-495x400.jpg\" title='' alt='' \/><\/div>\n<p><\/a><a href=\"https:\/\/sorentberg-riesling.de\/wp-content\/uploads\/2017\/08\/m1.jpg\" data-srcset=\"https:\/\/sorentberg-riesling.de\/wp-content\/uploads\/2017\/08\/m1.jpg 600w, https:\/\/sorentberg-riesling.de\/wp-content\/uploads\/2017\/08\/m1-80x80.jpg 80w, https:\/\/sorentberg-riesling.de\/wp-content\/uploads\/2017\/08\/m1-300x300.jpg 300w, https:\/\/sorentberg-riesling.de\/wp-content\/uploads\/2017\/08\/m1-36x36.jpg 36w, https:\/\/sorentberg-riesling.de\/wp-content\/uploads\/2017\/08\/m1-180x180.jpg 180w, https:\/\/sorentberg-riesling.de\/wp-content\/uploads\/2017\/08\/m1-120x120.jpg 120w, https:\/\/sorentberg-riesling.de\/wp-content\/uploads\/2017\/08\/m1-450x450.jpg 450w\" data-sizes=\"(max-width: 600px) 100vw, 600px\" data-rel='gallery-1' data-prev-img='https:\/\/sorentberg-riesling.de\/wp-content\/uploads\/2017\/08\/m1-495x400.jpg' class='lightbox ' data-onclick='6' title=''  itemprop=\"thumbnailUrl\"  ><img decoding=\"async\" class=\"wp-image-561 avia-img-lazy-loading-not-561\"   src=\"https:\/\/sorentberg-riesling.de\/wp-content\/uploads\/2017\/08\/m1-495x400.jpg\" width=\"495\" height=\"400\"  title='' alt='' \/><\/p>\n<div class='big-prev-fake'><img loading=\"lazy\" decoding=\"async\" class=\"wp-image-561 avia-img-lazy-loading-561\"  width=\"495\" height=\"400\" src=\"https:\/\/sorentberg-riesling.de\/wp-content\/uploads\/2017\/08\/m1-495x400.jpg\" title='' alt='' \/><\/div>\n<p><\/a><a href=\"https:\/\/sorentberg-riesling.de\/wp-content\/uploads\/2017\/08\/m2.jpg\" data-srcset=\"https:\/\/sorentberg-riesling.de\/wp-content\/uploads\/2017\/08\/m2.jpg 600w, https:\/\/sorentberg-riesling.de\/wp-content\/uploads\/2017\/08\/m2-80x80.jpg 80w, https:\/\/sorentberg-riesling.de\/wp-content\/uploads\/2017\/08\/m2-300x300.jpg 300w, https:\/\/sorentberg-riesling.de\/wp-content\/uploads\/2017\/08\/m2-36x36.jpg 36w, https:\/\/sorentberg-riesling.de\/wp-content\/uploads\/2017\/08\/m2-180x180.jpg 180w, https:\/\/sorentberg-riesling.de\/wp-content\/uploads\/2017\/08\/m2-120x120.jpg 120w, https:\/\/sorentberg-riesling.de\/wp-content\/uploads\/2017\/08\/m2-450x450.jpg 450w\" data-sizes=\"(max-width: 600px) 100vw, 600px\" data-rel='gallery-1' data-prev-img='https:\/\/sorentberg-riesling.de\/wp-content\/uploads\/2017\/08\/m2-495x400.jpg' class='lightbox ' data-onclick='7' title=''  itemprop=\"thumbnailUrl\"  ><img decoding=\"async\" class=\"wp-image-560 avia-img-lazy-loading-not-560\"   src=\"https:\/\/sorentberg-riesling.de\/wp-content\/uploads\/2017\/08\/m2-495x400.jpg\" width=\"495\" height=\"400\"  title='' alt='' \/><\/p>\n<div class='big-prev-fake'><img loading=\"lazy\" decoding=\"async\" class=\"wp-image-560 avia-img-lazy-loading-560\"  width=\"495\" height=\"400\" src=\"https:\/\/sorentberg-riesling.de\/wp-content\/uploads\/2017\/08\/m2-495x400.jpg\" title='' alt='' \/><\/div>\n<p><\/a><a href=\"https:\/\/sorentberg-riesling.de\/wp-content\/uploads\/2017\/08\/tobi_ivan.jpg\" data-srcset=\"https:\/\/sorentberg-riesling.de\/wp-content\/uploads\/2017\/08\/tobi_ivan.jpg 600w, https:\/\/sorentberg-riesling.de\/wp-content\/uploads\/2017\/08\/tobi_ivan-80x80.jpg 80w, https:\/\/sorentberg-riesling.de\/wp-content\/uploads\/2017\/08\/tobi_ivan-300x300.jpg 300w, https:\/\/sorentberg-riesling.de\/wp-content\/uploads\/2017\/08\/tobi_ivan-36x36.jpg 36w, https:\/\/sorentberg-riesling.de\/wp-content\/uploads\/2017\/08\/tobi_ivan-180x180.jpg 180w, https:\/\/sorentberg-riesling.de\/wp-content\/uploads\/2017\/08\/tobi_ivan-120x120.jpg 120w, https:\/\/sorentberg-riesling.de\/wp-content\/uploads\/2017\/08\/tobi_ivan-450x450.jpg 450w\" data-sizes=\"(max-width: 600px) 100vw, 600px\" data-rel='gallery-1' data-prev-img='https:\/\/sorentberg-riesling.de\/wp-content\/uploads\/2017\/08\/tobi_ivan-495x400.jpg' class='lightbox ' data-onclick='8' title='Tobias und Ivan'  itemprop=\"thumbnailUrl\"  ><img decoding=\"async\" class=\"wp-image-744 avia-img-lazy-loading-not-744\"   src=\"https:\/\/sorentberg-riesling.de\/wp-content\/uploads\/2017\/08\/tobi_ivan-495x400.jpg\" width=\"495\" height=\"400\"  title='Tobias und Ivan' alt='' \/><\/p>\n<div class='big-prev-fake'><img loading=\"lazy\" decoding=\"async\" class=\"wp-image-744 avia-img-lazy-loading-744\"  width=\"495\" height=\"400\" src=\"https:\/\/sorentberg-riesling.de\/wp-content\/uploads\/2017\/08\/tobi_ivan-495x400.jpg\" title='Tobias und Ivan' alt='' \/><\/div>\n<p><\/a><\/div>\n<\/div>\n<style type=\"text\/css\" data-created_by=\"avia_inline_auto\" id=\"style-css-av-av_hr-0688d0b0b6ed2f8b057db7a8270206df\">\n#top .hr.hr-invisible.av-av_hr-0688d0b0b6ed2f8b057db7a8270206df{\nheight:50px;\n}\n<\/style>\n<div  class='hr av-av_hr-0688d0b0b6ed2f8b057db7a8270206df hr-invisible  avia-builder-el-5  el_after_av_gallery  avia-builder-el-last '><span class='hr-inner '><span class=\"hr-inner-style\"><\/span><\/span><\/div>\n<\/div>\n<\/div>\n<\/div>\n<p><!-- close content main div --><\/div>\n<\/div>\n<div id='after_section_1'  class='main_color av_default_container_wrap container_wrap sidebar_right'  >\n<div class='container av-section-cont-open' >\n<div class='template-page content  av-content-small alpha units'>\n<div class='post-entry post-entry-type-page post-entry-547'>\n<div class='entry-content-wrapper clearfix'>\n","protected":false},"excerpt":{"rendered":"","protected":false},"author":1,"featured_media":0,"parent":0,"menu_order":0,"comment_status":"closed","ping_status":"closed","template":"","meta":{"footnotes":""},"class_list":["post-547","page","type-page","status-publish","hentry"],"_links":{"self":[{"href":"https:\/\/sorentberg-riesling.de\/index.php?rest_route=\/wp\/v2\/pages\/547","targetHints":{"allow":["GET"]}}],"collection":[{"href":"https:\/\/sorentberg-riesling.de\/index.php?rest_route=\/wp\/v2\/pages"}],"about":[{"href":"https:\/\/sorentberg-riesling.de\/index.php?rest_route=\/wp\/v2\/types\/page"}],"author":[{"embeddable":true,"href":"https:\/\/sorentberg-riesling.de\/index.php?rest_route=\/wp\/v2\/users\/1"}],"replies":[{"embeddable":true,"href":"https:\/\/sorentberg-riesling.de\/index.php?rest_route=%2Fwp%2Fv2%2Fcomments&post=547"}],"version-history":[{"count":21,"href":"https:\/\/sorentberg-riesling.de\/index.php?rest_route=\/wp\/v2\/pages\/547\/revisions"}],"predecessor-version":[{"id":745,"href":"https:\/\/sorentberg-riesling.de\/index.php?rest_route=\/wp\/v2\/pages\/547\/revisions\/745"}],"wp:attachment":[{"href":"https:\/\/sorentberg-riesling.de\/index.php?rest_route=%2Fwp%2Fv2%2Fmedia&parent=547"}],"curies":[{"name":"wp","href":"https:\/\/api.w.org\/{rel}","templated":true}]}}