{"id":591,"date":"2017-08-11T16:40:11","date_gmt":"2017-08-11T14:40:11","guid":{"rendered":"http:\/\/2017.sorentberg-riesling.de\/?page_id=591"},"modified":"2025-07-15T08:56:03","modified_gmt":"2025-07-15T06:56:03","slug":"impressum","status":"publish","type":"page","link":"https:\/\/sorentberg-riesling.de?page_id=591","title":{"rendered":"Impressum"},"content":{"rendered":"<div id='full_slider_1'  class='avia-fullwidth-slider main_color avia-shadow   avia-builder-el-0  el_before_av_layout_row  avia-builder-el-first   container_wrap sidebar_right'  >\n<style type=\"text\/css\" data-created_by=\"avia_inline_auto\" id=\"style-css-av-2cyzwv-739e3bb62f47885c8fb4e6fc806de84e\">\n#top #wrap_all .avia-slideshow .av-slideshow-caption.av-2cyzwv-739e3bb62f47885c8fb4e6fc806de84e__0 .avia-caption-title{\nfont-size:54px;\n}\n#top .avia-slideshow .av-slideshow-caption.av-2cyzwv-739e3bb62f47885c8fb4e6fc806de84e__0 .avia-caption-content{\nfont-size:30px;\n}\n#top .avia-slideshow .av-slideshow-caption.av-2cyzwv-739e3bb62f47885c8fb4e6fc806de84e__0 .avia-caption-content p{\nfont-size:30px;\n}\n<\/style>\n<div  class='avia-slideshow av-2cyzwv-739e3bb62f47885c8fb4e6fc806de84e avia-slideshow-featured av_slideshow_full avia-slide-slider av-slideshow-ui av-control-default av-slideshow-manual av-loop-once av-loop-manual-endless av-default-height-applied   avia-slideshow-1' data-slideshow-options=\"{&quot;animation&quot;:&quot;slide&quot;,&quot;autoplay&quot;:false,&quot;loop_autoplay&quot;:&quot;once&quot;,&quot;interval&quot;:5,&quot;loop_manual&quot;:&quot;manual-endless&quot;,&quot;autoplay_stopper&quot;:false,&quot;noNavigation&quot;:false,&quot;bg_slider&quot;:false,&quot;keep_padding&quot;:false,&quot;hoverpause&quot;:false,&quot;show_slide_delay&quot;:0}\"  itemprop=\"image\" itemscope=\"itemscope\" itemtype=\"https:\/\/schema.org\/ImageObject\" >\n<ul class='avia-slideshow-inner ' style='padding-bottom: 28.666666666667%;'>\n<li  class='avia-slideshow-slide av-2cyzwv-739e3bb62f47885c8fb4e6fc806de84e__0  av-single-slide slide-1 slide-odd'>\n<div data-rel='slideshow-1' class='avia-slide-wrap '   >\n<div class='av-slideshow-caption av-2cyzwv-739e3bb62f47885c8fb4e6fc806de84e__0 caption_fullwidth caption_center'>\n<div class=\"container caption_container\">\n<div class=\"slideshow_caption\">\n<div class=\"slideshow_inner_caption\">\n<div class=\"slideshow_align_caption\">\n<h2 class='avia-caption-title '  itemprop=\"name\" >TERROIR &amp; SCHIEFER<\/h2>\n<\/div>\n<\/div>\n<\/div>\n<\/div>\n<\/div>\n<p><img decoding=\"async\" class=\"wp-image-519 avia-img-lazy-loading-not-519\"  src=\"https:\/\/sorentberg-riesling.de\/wp-content\/uploads\/2017\/08\/rotschiefer_slider-1500x430.jpg\" width=\"1500\" height=\"430\" title='rotschiefer_slider' alt=''  itemprop=\"thumbnailUrl\"   \/><\/div>\n<\/li>\n<\/ul>\n<\/div>\n<\/div>\n<div id='welcome'  class='av-layout-grid-container av-2114lr-36cad4043edbd7348e2d372e76cba530 entry-content-wrapper main_color av-fixed-cells  avia-builder-el-1  el_after_av_slideshow_full  el_before_av_section  grid-row-not-first  container_wrap sidebar_right'  >\n<style type=\"text\/css\" data-created_by=\"avia_inline_auto\" id=\"style-css-av-1urspz-6a4ff0efefc6b05b30f7306ca5dac4dd\">\n.flex_cell.av-1urspz-6a4ff0efefc6b05b30f7306ca5dac4dd{\nvertical-align:top;\nheight:15px;\nmin-height:15px;\nbackground-color:#8e432c;\n}\n.responsive #top #wrap_all .flex_cell.av-1urspz-6a4ff0efefc6b05b30f7306ca5dac4dd{\npadding:0px 0px 0px 0px !important;\n}\n<\/style>\n<div class='flex_cell av-1urspz-6a4ff0efefc6b05b30f7306ca5dac4dd av-gridrow-cell av_one_fourth no_margin  avia-builder-el-2  el_before_av_cell_one_fourth  avia-builder-el-first  av-zero-padding' >\n<div class='flex_cell_inner'><\/div>\n<\/div>\n<style type=\"text\/css\" data-created_by=\"avia_inline_auto\" id=\"style-css-av-1r5b6v-903c9d3ce88975d204ef1c9789b0f666\">\n.flex_cell.av-1r5b6v-903c9d3ce88975d204ef1c9789b0f666{\nvertical-align:top;\nheight:15px;\nmin-height:15px;\nbackground-color:#93562d;\n}\n.responsive #top #wrap_all .flex_cell.av-1r5b6v-903c9d3ce88975d204ef1c9789b0f666{\npadding:0px 0px 0px 0px !important;\n}\n<\/style>\n<div class='flex_cell av-1r5b6v-903c9d3ce88975d204ef1c9789b0f666 av-gridrow-cell av_one_fourth no_margin  avia-builder-el-3  el_after_av_cell_one_fourth  el_before_av_cell_one_fourth  av-zero-padding' >\n<div class='flex_cell_inner'><\/div>\n<\/div>\n<style type=\"text\/css\" data-created_by=\"avia_inline_auto\" id=\"style-css-av-1jp43j-6acfb53b20ccab089797441e825d272a\">\n.flex_cell.av-1jp43j-6acfb53b20ccab089797441e825d272a{\nvertical-align:top;\nheight:15px;\nmin-height:15px;\nbackground-color:#a36332;\n}\n.responsive #top #wrap_all .flex_cell.av-1jp43j-6acfb53b20ccab089797441e825d272a{\npadding:0px 0px 0px 0px !important;\n}\n<\/style>\n<div class='flex_cell av-1jp43j-6acfb53b20ccab089797441e825d272a av-gridrow-cell av_one_fourth no_margin  avia-builder-el-4  el_after_av_cell_one_fourth  el_before_av_cell_one_fourth  av-zero-padding' >\n<div class='flex_cell_inner'><\/div>\n<\/div>\n<style type=\"text\/css\" data-created_by=\"avia_inline_auto\" id=\"style-css-av-54vjr-0d9d8bd52048a3d2da2b7e1e6a479a83\">\n.flex_cell.av-54vjr-0d9d8bd52048a3d2da2b7e1e6a479a83{\nvertical-align:top;\nheight:15px;\nmin-height:15px;\nbackground-color:#bc7b3a;\n}\n.responsive #top #wrap_all .flex_cell.av-54vjr-0d9d8bd52048a3d2da2b7e1e6a479a83{\npadding:0px 0px 0px 0px !important;\n}\n<\/style>\n<div class='flex_cell av-54vjr-0d9d8bd52048a3d2da2b7e1e6a479a83 av-gridrow-cell av_one_fourth no_margin  avia-builder-el-5  el_after_av_cell_one_fourth  avia-builder-el-last  av-zero-padding' >\n<div class='flex_cell_inner'><\/div>\n<\/div>\n<\/div>\n<div id='av_section_1'  class='avia-section av-18rknr-73d0dfe7970eec93f0548330333421c3 main_color avia-section-default avia-no-shadow  avia-builder-el-6  el_after_av_layout_row  el_before_av_section  avia-bg-style-scroll container_wrap sidebar_right'  >\n<div class='container av-section-cont-open' >\n<div class='template-page content  av-content-small alpha units'>\n<div class='post-entry post-entry-type-page post-entry-591'>\n<div class='entry-content-wrapper clearfix'>\n<style type=\"text\/css\" data-created_by=\"avia_inline_auto\" id=\"style-css-av-15j1fz-4c0558ac550e0a2ff52cd37870aee513\">\n.flex_column.av-15j1fz-4c0558ac550e0a2ff52cd37870aee513{\n-webkit-border-radius:0px 0px 0px 0px;\n-moz-border-radius:0px 0px 0px 0px;\nborder-radius:0px 0px 0px 0px;\npadding:0px 0px 0px 0px;\n}\n<\/style>\n<div class='flex_column av-15j1fz-4c0558ac550e0a2ff52cd37870aee513 av_one_fifth  avia-builder-el-7  el_before_av_three_fifth  avia-builder-el-first  first flex_column_div av-zero-column-padding '     ><\/div>\n<style type=\"text\/css\" data-created_by=\"avia_inline_auto\" id=\"style-css-av-32ya7-73b70f818ed1bf42949f4e51c93bf96e\">\n.flex_column.av-32ya7-73b70f818ed1bf42949f4e51c93bf96e{\n-webkit-border-radius:0px 0px 0px 0px;\n-moz-border-radius:0px 0px 0px 0px;\nborder-radius:0px 0px 0px 0px;\npadding:0px 0px 0px 0px;\n}\n<\/style>\n<div class='flex_column av-32ya7-73b70f818ed1bf42949f4e51c93bf96e av_three_fifth  avia-builder-el-8  el_after_av_one_fifth  el_before_av_one_fifth  flex_column_div av-zero-column-padding '     >\n<section  class='av_textblock_section av-pdgpr-86aaa2eb25cb8a532a4ee16e86fb6d2b'  itemscope=\"itemscope\" itemtype=\"https:\/\/schema.org\/CreativeWork\" >\n<div class='avia_textblock'  itemprop=\"text\" >\n<h1><span style=\"color: #966115;\">IMPRESSUM<\/span><\/h1>\n<p>WEINGUT SORENTBERG<br \/>\nGesellschaftsform: GbR<br \/>\nInhaber: T. Treis, I. Giovanett<br \/>\nFischelstra\u00dfe 26<br \/>\nD-56861 Reil\/Mosel<\/p>\n<p><a href=\"https:\/\/sorentberg-riesling.de\/\">Sorentberg-Riesling.de<br \/>\n<\/a><a href=\"mailto:info@sorentberg-riesling.de\">info@sorentberg-riesling.de<\/a><br \/>\nTobias Treis\u00a0 |\u00a0 <a href=\"mailto:tobias@sorentberg-riesling.de\">tobias@sorentberg-riesling.de<\/a><br \/>\nIvan Giovanett\u00a0 |\u00a0<a href=\"mailto:ivan@sorentberg-riesling.de\"> ivan@sorentberg-riesling.de<br \/>\n<\/a>Tel.: 06542 900 200<\/p>\n<p>Betreiber der Seite und verantwortlich f\u00fcr den Inhalt: Tobias Treis<\/p>\n<hr \/>\n<p><a href=\"https:\/\/julius-treis.de\/\" target=\"_blank\" rel=\"noopener\">Link zum Weingut Julius Treis, Reil<\/a><\/p>\n<hr \/>\n<p>USt.-ID: DE281922691<br \/>\nFinanzamt: Wittlich, Steuer-Nr.: 43\/234\/10872<\/p>\n<hr \/>\n<p>Bildquelle: privat<\/p>\n<hr \/>\n<p><a href=\"https:\/\/www.eler-eulle.rlp.de\/Internet\/global\/inetcntrmwvlw.nsf\/dlr_web_full.xsp?src=85W6MWIET5&amp;p1=2IA928U230&amp;p3=9RD9G0RQRX&amp;p4=U72MKGMG31\" target=\"_blank\" rel=\"noopener\"><img loading=\"lazy\" decoding=\"async\" class=\" wp-image-624 alignnone\" src=\"https:\/\/sorentberg-riesling.de\/wp-content\/uploads\/2017\/08\/steillagenfoerderung-300x74.jpg\" alt=\"\" width=\"230\" height=\"56\" srcset=\"https:\/\/sorentberg-riesling.de\/wp-content\/uploads\/2017\/08\/steillagenfoerderung-300x74.jpg 300w, https:\/\/sorentberg-riesling.de\/wp-content\/uploads\/2017\/08\/steillagenfoerderung-450x111.jpg 450w, https:\/\/sorentberg-riesling.de\/wp-content\/uploads\/2017\/08\/steillagenfoerderung.jpg 622w\" sizes=\"auto, (max-width: 230px) 100vw, 230px\" \/>\u00a0\u00a0 Steil- und Steilstlagenf\u00f6rderung<\/a><\/p>\n<p>Unser Weingut Sorentberg erh\u00e4lt im Rahmen des vom Ministerium f\u00fcr Wirtschaft, Verkehr, Landwirtschaft und Weinbau verwalteten rheinland-pf\u00e4lzischen Entwicklungsprogramms \u201eUmweltma\u00dfnahmen, L\u00e4ndliche Entwicklung, Landwirtschaft, Ern\u00e4hrung\u201c (EULLE) durch den Europ\u00e4ischen Landwirtschaftsfonds f\u00fcr die Entwicklung des l\u00e4ndlichen Raums (ELER) kofinanziert durch das Land, eine F\u00f6rderung f\u00fcr seine Leistungen:<\/p>\n<p>in der Agrar- und Klimama\u00dfnahme:<br \/>\n<strong>Umweltschonende Bewirtschaftung der Steil- und Steilstlagenfl\u00e4chen im Weinbau<\/strong><\/p>\n<hr \/>\n<p>Erstellung der WebSite:<br \/>\n<a href=\"https:\/\/WIL-kom.de\" target=\"_blank\" rel=\"noopener\"><strong>WIL-kom.de<\/strong><\/a> \u00b7 54516 Wittlich \u00b7 06571 9537807<\/p>\n<\/div>\n<\/section>\n<\/div>\n<style type=\"text\/css\" data-created_by=\"avia_inline_auto\" id=\"style-css-av-mcplb-ccb5ed83e039e176e43d1bba379cc257\">\n.flex_column.av-mcplb-ccb5ed83e039e176e43d1bba379cc257{\n-webkit-border-radius:0px 0px 0px 0px;\n-moz-border-radius:0px 0px 0px 0px;\nborder-radius:0px 0px 0px 0px;\npadding:0px 0px 0px 0px;\n}\n<\/style>\n<div class='flex_column av-mcplb-ccb5ed83e039e176e43d1bba379cc257 av_one_fifth  avia-builder-el-10  el_after_av_three_fifth  el_before_av_hr  flex_column_div av-zero-column-padding '     ><\/div>\n<style type=\"text\/css\" data-created_by=\"avia_inline_auto\" id=\"style-css-av-e2bb3-3d1f8beed151bf5707cc3d879ce11fa6\">\n#top .hr.hr-invisible.av-e2bb3-3d1f8beed151bf5707cc3d879ce11fa6{\nheight:50px;\n}\n<\/style>\n<div  class='hr av-e2bb3-3d1f8beed151bf5707cc3d879ce11fa6 hr-invisible  avia-builder-el-11  el_after_av_one_fifth  avia-builder-el-last '><span class='hr-inner '><span class=\"hr-inner-style\"><\/span><\/span><\/div>\n<\/div>\n<\/div>\n<\/div>\n<p><!-- close content main div --><\/div>\n<\/div>\n<style type=\"text\/css\" data-created_by=\"avia_inline_auto\" id=\"style-css-av-10vm7-3f10c68f21979ce1a2e28176c59003e7\">\n.avia-section.av-10vm7-3f10c68f21979ce1a2e28176c59003e7 .av-parallax .av-parallax-inner{\nbackground-repeat:no-repeat;\nbackground-image:url(https:\/\/sorentberg-riesling.de\/wp-content\/uploads\/2017\/08\/terroir.jpg);\nbackground-position:0% 0%;\nbackground-attachment:scroll;\n}\n<\/style>\n<div id='av_section_2'  class='avia-section av-10vm7-3f10c68f21979ce1a2e28176c59003e7 main_color avia-section-default avia-no-shadow  avia-builder-el-12  el_after_av_section  avia-builder-el-last  av-parallax-section avia-bg-style-parallax av-minimum-height av-minimum-height-25  container_wrap sidebar_right'  data-section-bg-repeat='no-repeat' data-av_minimum_height_pc='25'>\n<div class='av-parallax' data-avia-parallax-ratio='0.3' >\n<div class='av-parallax-inner main_color avia-full-stretch'><\/div>\n<\/div>\n<div class='container av-section-cont-open' >\n<div class='template-page content  av-content-small alpha units'>\n<div class='post-entry post-entry-type-page post-entry-591'>\n<div class='entry-content-wrapper clearfix'><\/div>\n<\/div>\n<\/div>\n<p><!-- close content main div --><\/div>\n<\/div>\n<div id='after_section_2'  class='main_color av_default_container_wrap container_wrap sidebar_right'  >\n<div class='container av-section-cont-open' >\n<div class='template-page content  av-content-small alpha units'>\n<div class='post-entry post-entry-type-page post-entry-591'>\n<div class='entry-content-wrapper clearfix'>\n","protected":false},"excerpt":{"rendered":"","protected":false},"author":1,"featured_media":0,"parent":0,"menu_order":0,"comment_status":"closed","ping_status":"closed","template":"","meta":{"footnotes":""},"class_list":["post-591","page","type-page","status-publish","hentry"],"_links":{"self":[{"href":"https:\/\/sorentberg-riesling.de\/index.php?rest_route=\/wp\/v2\/pages\/591","targetHints":{"allow":["GET"]}}],"collection":[{"href":"https:\/\/sorentberg-riesling.de\/index.php?rest_route=\/wp\/v2\/pages"}],"about":[{"href":"https:\/\/sorentberg-riesling.de\/index.php?rest_route=\/wp\/v2\/types\/page"}],"author":[{"embeddable":true,"href":"https:\/\/sorentberg-riesling.de\/index.php?rest_route=\/wp\/v2\/users\/1"}],"replies":[{"embeddable":true,"href":"https:\/\/sorentberg-riesling.de\/index.php?rest_route=%2Fwp%2Fv2%2Fcomments&post=591"}],"version-history":[{"count":10,"href":"https:\/\/sorentberg-riesling.de\/index.php?rest_route=\/wp\/v2\/pages\/591\/revisions"}],"predecessor-version":[{"id":882,"href":"https:\/\/sorentberg-riesling.de\/index.php?rest_route=\/wp\/v2\/pages\/591\/revisions\/882"}],"wp:attachment":[{"href":"https:\/\/sorentberg-riesling.de\/index.php?rest_route=%2Fwp%2Fv2%2Fmedia&parent=591"}],"curies":[{"name":"wp","href":"https:\/\/api.w.org\/{rel}","templated":true}]}}