{"id":701,"date":"2018-05-04T09:34:21","date_gmt":"2018-05-04T07:34:21","guid":{"rendered":"http:\/\/sorentberg-riesling.de\/?page_id=701"},"modified":"2018-05-04T10:09:54","modified_gmt":"2018-05-04T08:09:54","slug":"keller","status":"publish","type":"page","link":"https:\/\/sorentberg-riesling.de?page_id=701","title":{"rendered":"Keller"},"content":{"rendered":"<div id='full_slider_1'  class='avia-fullwidth-slider main_color avia-shadow   avia-builder-el-0  el_before_av_section  avia-builder-el-first   container_wrap sidebar_right'  >\n<div  class='avia-slideshow av-av_slideshow_full-4f3ef5c0d0c5e5a45e27d5f99336c2be avia-slideshow-featured av_slideshow_full avia-slide-slider av-slideshow-ui av-control-default av-slideshow-manual av-loop-once av-loop-manual-endless av-default-height-applied   avia-slideshow-1' data-slideshow-options=\"{&quot;animation&quot;:&quot;slide&quot;,&quot;autoplay&quot;:false,&quot;loop_autoplay&quot;:&quot;once&quot;,&quot;interval&quot;:5,&quot;loop_manual&quot;:&quot;manual-endless&quot;,&quot;autoplay_stopper&quot;:false,&quot;noNavigation&quot;:false,&quot;bg_slider&quot;:false,&quot;keep_padding&quot;:false,&quot;hoverpause&quot;:false,&quot;show_slide_delay&quot;:0}\"  itemprop=\"image\" itemscope=\"itemscope\" itemtype=\"https:\/\/schema.org\/ImageObject\" >\n<ul class='avia-slideshow-inner ' style='padding-bottom: 31.25%;'>\n<li  class='avia-slideshow-slide av-av_slideshow_full-4f3ef5c0d0c5e5a45e27d5f99336c2be__0  av-single-slide slide-1 slide-odd'>\n<div data-rel='slideshow-1' class='avia-slide-wrap '   ><img decoding=\"async\" class=\"wp-image-717 avia-img-lazy-loading-not-717\"  src=\"https:\/\/sorentberg-riesling.de\/wp-content\/uploads\/2018\/05\/keller_s.jpg\" width=\"1280\" height=\"400\" title='keller_s' alt=''  itemprop=\"thumbnailUrl\" srcset=\"https:\/\/sorentberg-riesling.de\/wp-content\/uploads\/2018\/05\/keller_s.jpg 1280w, https:\/\/sorentberg-riesling.de\/wp-content\/uploads\/2018\/05\/keller_s-300x94.jpg 300w, https:\/\/sorentberg-riesling.de\/wp-content\/uploads\/2018\/05\/keller_s-768x240.jpg 768w, https:\/\/sorentberg-riesling.de\/wp-content\/uploads\/2018\/05\/keller_s-1030x322.jpg 1030w, https:\/\/sorentberg-riesling.de\/wp-content\/uploads\/2018\/05\/keller_s-705x220.jpg 705w, https:\/\/sorentberg-riesling.de\/wp-content\/uploads\/2018\/05\/keller_s-450x141.jpg 450w\" sizes=\"(max-width: 1280px) 100vw, 1280px\" \/><\/div>\n<\/li>\n<\/ul>\n<\/div>\n<\/div>\n<div id='av_section_1'  class='avia-section av-av_section-bb9bdb22c7f9e6bf1d52c155825dc7f7 main_color avia-section-default avia-no-shadow  avia-builder-el-1  el_after_av_slideshow_full  avia-builder-el-last  avia-bg-style-scroll container_wrap sidebar_right'  >\n<div class='container av-section-cont-open' >\n<div class='template-page content  av-content-small alpha units'>\n<div class='post-entry post-entry-type-page post-entry-701'>\n<div class='entry-content-wrapper clearfix'>\n<section  class='av_textblock_section av-av_textblock-0366cc7376be6c9e82a3e9cc8987b64f'  itemscope=\"itemscope\" itemtype=\"https:\/\/schema.org\/CreativeWork\" >\n<div class='avia_textblock'  itemprop=\"text\" >\n<h1><span style=\"color: #966115;\">KELLER<\/span><\/h1>\n<p>Was den weiteren Ausbau der Weine betrifft, haben die beide Jungwinzer klare Vorstellungen. Sie folgen keinen kurzlebigen Moden. Sie wollen nach traditionellen Methoden vorgehen.<\/p>\n<p>Sie setzen vielmehr auf die klassischen Winzertugenden wie Respekt vor dem Terroir, Priorit\u00e4t der Weinbergsarbeit, rigorose Handlese in mehreren Lesedurchg\u00e4ngen, schonende Behandlung der Trauben, Spontang\u00e4rung in traditionellen Holzf\u00e4ssern und der Verzicht auf Weinbehandlungsmittel.<br \/>\n\u201eTradition verpflichtet\u201c, sagt Treis, \u201ewir wollen Weine, die von ihrer Herkunft erz\u00e4hlen. Wir sind \u00fcberzeugt, dass so die Pers\u00f6nlichkeit von Sorent st\u00e4rker zum Ausdruck kommt.\u201c Neben den bis zu 100 Jahre alten 1.000-Liter-Holzfudern seines Urgro\u00dfvater Julius, werden auch neue ungetoastete Moselfuder aus Pf\u00e4lzer Eiche verwendet.<\/p>\n<p>Auf massentaugliche Vorgehensweisen der Weinbereitung, wie temperaturkontrollierte Edelstahltanks und gek\u00fchlte Verg\u00e4rung mit Reinzuchthefen, verzichten sie.<\/p>\n<\/div>\n<\/section>\n<style type=\"text\/css\" data-created_by=\"avia_inline_auto\" id=\"style-css-av-av_hr-0688d0b0b6ed2f8b057db7a8270206df\">\n#top .hr.hr-invisible.av-av_hr-0688d0b0b6ed2f8b057db7a8270206df{\nheight:50px;\n}\n<\/style>\n<div  class='hr av-av_hr-0688d0b0b6ed2f8b057db7a8270206df hr-invisible  avia-builder-el-3  el_after_av_textblock  el_before_av_gallery '><span class='hr-inner '><span class=\"hr-inner-style\"><\/span><\/span><\/div>\n<style type=\"text\/css\" data-created_by=\"avia_inline_auto\" id=\"style-css-av-av_gallery-c06d8738e90dce0178552b30629d793a\">\n#top .avia-gallery.av-av_gallery-c06d8738e90dce0178552b30629d793a .avia-gallery-thumb a{\nwidth:25%;\n}\n<\/style>\n<div  class='avia-gallery av-av_gallery-c06d8738e90dce0178552b30629d793a avia_animate_when_visible  avia-builder-el-4  el_after_av_hr  el_before_av_hr  avia_lazyload avia-gallery-animate avia-gallery-1'  itemprop=\"image\" itemscope=\"itemscope\" itemtype=\"https:\/\/schema.org\/ImageObject\" ><meta itemprop=\"contentURL\" content=\"https:\/\/sorentberg-riesling.de?page_id=701\"><\/p>\n<div class='avia-gallery-thumb'><a href=\"https:\/\/sorentberg-riesling.de\/wp-content\/uploads\/2018\/05\/keller4.jpg\" data-srcset=\"https:\/\/sorentberg-riesling.de\/wp-content\/uploads\/2018\/05\/keller4.jpg 600w, https:\/\/sorentberg-riesling.de\/wp-content\/uploads\/2018\/05\/keller4-80x80.jpg 80w, https:\/\/sorentberg-riesling.de\/wp-content\/uploads\/2018\/05\/keller4-300x300.jpg 300w, https:\/\/sorentberg-riesling.de\/wp-content\/uploads\/2018\/05\/keller4-36x36.jpg 36w, https:\/\/sorentberg-riesling.de\/wp-content\/uploads\/2018\/05\/keller4-180x180.jpg 180w, https:\/\/sorentberg-riesling.de\/wp-content\/uploads\/2018\/05\/keller4-120x120.jpg 120w, https:\/\/sorentberg-riesling.de\/wp-content\/uploads\/2018\/05\/keller4-450x450.jpg 450w\" data-sizes=\"(max-width: 600px) 100vw, 600px\" data-rel='gallery-1' data-prev-img='https:\/\/sorentberg-riesling.de\/wp-content\/uploads\/2018\/05\/keller4-495x400.jpg' class='first_thumb lightbox ' data-onclick='1' title='keller4'  itemprop=\"thumbnailUrl\"  ><img decoding=\"async\" class=\"wp-image-719 avia-img-lazy-loading-not-719\"   src=\"https:\/\/sorentberg-riesling.de\/wp-content\/uploads\/2018\/05\/keller4-495x400.jpg\" width=\"495\" height=\"400\"  title='keller4' alt='' \/><\/p>\n<div class='big-prev-fake'><img loading=\"lazy\" decoding=\"async\" class=\"wp-image-719 avia-img-lazy-loading-719\"  width=\"495\" height=\"400\" src=\"https:\/\/sorentberg-riesling.de\/wp-content\/uploads\/2018\/05\/keller4-495x400.jpg\" title='keller4' alt='' \/><\/div>\n<p><\/a><a href=\"https:\/\/sorentberg-riesling.de\/wp-content\/uploads\/2018\/05\/keller3.jpg\" data-srcset=\"https:\/\/sorentberg-riesling.de\/wp-content\/uploads\/2018\/05\/keller3.jpg 600w, https:\/\/sorentberg-riesling.de\/wp-content\/uploads\/2018\/05\/keller3-80x80.jpg 80w, https:\/\/sorentberg-riesling.de\/wp-content\/uploads\/2018\/05\/keller3-300x300.jpg 300w, https:\/\/sorentberg-riesling.de\/wp-content\/uploads\/2018\/05\/keller3-36x36.jpg 36w, https:\/\/sorentberg-riesling.de\/wp-content\/uploads\/2018\/05\/keller3-180x180.jpg 180w, https:\/\/sorentberg-riesling.de\/wp-content\/uploads\/2018\/05\/keller3-120x120.jpg 120w, https:\/\/sorentberg-riesling.de\/wp-content\/uploads\/2018\/05\/keller3-450x450.jpg 450w\" data-sizes=\"(max-width: 600px) 100vw, 600px\" data-rel='gallery-1' data-prev-img='https:\/\/sorentberg-riesling.de\/wp-content\/uploads\/2018\/05\/keller3-495x400.jpg' class='lightbox ' data-onclick='2' title='keller3'  itemprop=\"thumbnailUrl\"  ><img decoding=\"async\" class=\"wp-image-720 avia-img-lazy-loading-not-720\"   src=\"https:\/\/sorentberg-riesling.de\/wp-content\/uploads\/2018\/05\/keller3-495x400.jpg\" width=\"495\" height=\"400\"  title='keller3' alt='' \/><\/p>\n<div class='big-prev-fake'><img loading=\"lazy\" decoding=\"async\" class=\"wp-image-720 avia-img-lazy-loading-720\"  width=\"495\" height=\"400\" src=\"https:\/\/sorentberg-riesling.de\/wp-content\/uploads\/2018\/05\/keller3-495x400.jpg\" title='keller3' alt='' \/><\/div>\n<p><\/a><a href=\"https:\/\/sorentberg-riesling.de\/wp-content\/uploads\/2018\/05\/keller2.jpg\" data-srcset=\"https:\/\/sorentberg-riesling.de\/wp-content\/uploads\/2018\/05\/keller2.jpg 600w, https:\/\/sorentberg-riesling.de\/wp-content\/uploads\/2018\/05\/keller2-80x80.jpg 80w, https:\/\/sorentberg-riesling.de\/wp-content\/uploads\/2018\/05\/keller2-300x300.jpg 300w, https:\/\/sorentberg-riesling.de\/wp-content\/uploads\/2018\/05\/keller2-36x36.jpg 36w, https:\/\/sorentberg-riesling.de\/wp-content\/uploads\/2018\/05\/keller2-180x180.jpg 180w, https:\/\/sorentberg-riesling.de\/wp-content\/uploads\/2018\/05\/keller2-120x120.jpg 120w, https:\/\/sorentberg-riesling.de\/wp-content\/uploads\/2018\/05\/keller2-450x450.jpg 450w\" data-sizes=\"(max-width: 600px) 100vw, 600px\" data-rel='gallery-1' data-prev-img='https:\/\/sorentberg-riesling.de\/wp-content\/uploads\/2018\/05\/keller2-495x400.jpg' class='lightbox ' data-onclick='3' title='keller2'  itemprop=\"thumbnailUrl\"  ><img decoding=\"async\" class=\"wp-image-721 avia-img-lazy-loading-not-721\"   src=\"https:\/\/sorentberg-riesling.de\/wp-content\/uploads\/2018\/05\/keller2-495x400.jpg\" width=\"495\" height=\"400\"  title='keller2' alt='' \/><\/p>\n<div class='big-prev-fake'><img loading=\"lazy\" decoding=\"async\" class=\"wp-image-721 avia-img-lazy-loading-721\"  width=\"495\" height=\"400\" src=\"https:\/\/sorentberg-riesling.de\/wp-content\/uploads\/2018\/05\/keller2-495x400.jpg\" title='keller2' alt='' \/><\/div>\n<p><\/a><a href=\"https:\/\/sorentberg-riesling.de\/wp-content\/uploads\/2018\/05\/keller1.jpg\" data-srcset=\"https:\/\/sorentberg-riesling.de\/wp-content\/uploads\/2018\/05\/keller1.jpg 600w, https:\/\/sorentberg-riesling.de\/wp-content\/uploads\/2018\/05\/keller1-80x80.jpg 80w, https:\/\/sorentberg-riesling.de\/wp-content\/uploads\/2018\/05\/keller1-300x300.jpg 300w, https:\/\/sorentberg-riesling.de\/wp-content\/uploads\/2018\/05\/keller1-36x36.jpg 36w, https:\/\/sorentberg-riesling.de\/wp-content\/uploads\/2018\/05\/keller1-180x180.jpg 180w, https:\/\/sorentberg-riesling.de\/wp-content\/uploads\/2018\/05\/keller1-120x120.jpg 120w, https:\/\/sorentberg-riesling.de\/wp-content\/uploads\/2018\/05\/keller1-450x450.jpg 450w\" data-sizes=\"(max-width: 600px) 100vw, 600px\" data-rel='gallery-1' data-prev-img='https:\/\/sorentberg-riesling.de\/wp-content\/uploads\/2018\/05\/keller1-495x400.jpg' class='lightbox ' data-onclick='4' title='keller1'  itemprop=\"thumbnailUrl\"  ><img decoding=\"async\" class=\"wp-image-722 avia-img-lazy-loading-not-722\"   src=\"https:\/\/sorentberg-riesling.de\/wp-content\/uploads\/2018\/05\/keller1-495x400.jpg\" width=\"495\" height=\"400\"  title='keller1' alt='' \/><\/p>\n<div class='big-prev-fake'><img loading=\"lazy\" decoding=\"async\" class=\"wp-image-722 avia-img-lazy-loading-722\"  width=\"495\" height=\"400\" src=\"https:\/\/sorentberg-riesling.de\/wp-content\/uploads\/2018\/05\/keller1-495x400.jpg\" title='keller1' alt='' \/><\/div>\n<p><\/a><\/div>\n<\/div>\n<style type=\"text\/css\" data-created_by=\"avia_inline_auto\" id=\"style-css-av-av_hr-0688d0b0b6ed2f8b057db7a8270206df\">\n#top .hr.hr-invisible.av-av_hr-0688d0b0b6ed2f8b057db7a8270206df{\nheight:50px;\n}\n<\/style>\n<div  class='hr av-av_hr-0688d0b0b6ed2f8b057db7a8270206df hr-invisible  avia-builder-el-5  el_after_av_gallery  avia-builder-el-last '><span class='hr-inner '><span class=\"hr-inner-style\"><\/span><\/span><\/div>\n<\/div>\n<\/div>\n<\/div>\n<p><!-- close content main div --><\/div>\n<\/div>\n<div id='after_section_1'  class='main_color av_default_container_wrap container_wrap sidebar_right'  >\n<div class='container av-section-cont-open' >\n<div class='template-page content  av-content-small alpha units'>\n<div class='post-entry post-entry-type-page post-entry-701'>\n<div class='entry-content-wrapper clearfix'>\n","protected":false},"excerpt":{"rendered":"","protected":false},"author":1,"featured_media":0,"parent":0,"menu_order":0,"comment_status":"closed","ping_status":"closed","template":"","meta":{"footnotes":""},"class_list":["post-701","page","type-page","status-publish","hentry"],"_links":{"self":[{"href":"https:\/\/sorentberg-riesling.de\/index.php?rest_route=\/wp\/v2\/pages\/701","targetHints":{"allow":["GET"]}}],"collection":[{"href":"https:\/\/sorentberg-riesling.de\/index.php?rest_route=\/wp\/v2\/pages"}],"about":[{"href":"https:\/\/sorentberg-riesling.de\/index.php?rest_route=\/wp\/v2\/types\/page"}],"author":[{"embeddable":true,"href":"https:\/\/sorentberg-riesling.de\/index.php?rest_route=\/wp\/v2\/users\/1"}],"replies":[{"embeddable":true,"href":"https:\/\/sorentberg-riesling.de\/index.php?rest_route=%2Fwp%2Fv2%2Fcomments&post=701"}],"version-history":[{"count":3,"href":"https:\/\/sorentberg-riesling.de\/index.php?rest_route=\/wp\/v2\/pages\/701\/revisions"}],"predecessor-version":[{"id":723,"href":"https:\/\/sorentberg-riesling.de\/index.php?rest_route=\/wp\/v2\/pages\/701\/revisions\/723"}],"wp:attachment":[{"href":"https:\/\/sorentberg-riesling.de\/index.php?rest_route=%2Fwp%2Fv2%2Fmedia&parent=701"}],"curies":[{"name":"wp","href":"https:\/\/api.w.org\/{rel}","templated":true}]}}